{"id":3199,"date":"2014-07-07T19:59:12","date_gmt":"2014-07-07T17:59:12","guid":{"rendered":"http:\/\/sueddeutscher-vertriebskongress.de\/wp-sdvk\/?page_id=3199"},"modified":"2022-10-24T22:13:35","modified_gmt":"2022-10-24T20:13:35","slug":"agb-2","status":"publish","type":"page","link":"http:\/\/norddeutscher-vertriebskongress.de\/wp-ndvk\/agb-2\/","title":{"rendered":"AGB"},"content":{"rendered":"<div id='layer_slider_1'  class='avia-layerslider main_color avia-shadow  avia-builder-el-0  el_before_av_textblock  avia-builder-el-first  container_wrap fullsize'  style='height: 151px;'  ><\/div><div id='after_layer_slider_1'  class='main_color av_default_container_wrap container_wrap fullsize'  ><div class='container av-section-cont-open' ><div class='template-page content  av-content-full alpha units'><div class='post-entry post-entry-type-page post-entry-3199'><div class='entry-content-wrapper clearfix'>\n<section  class='av_textblock_section av-5z0c5r-6fa0af794a38d14bed6bb65114cba59d'  itemscope=\"itemscope\" itemtype=\"https:\/\/schema.org\/CreativeWork\" ><div class='avia_textblock'  itemprop=\"text\" ><h2 style=\"text-align: center;\">Unsere Allgemeinen Gesch\u00e4ftsbedingungen (AGB)<\/h2>\n<\/div><\/section>\n<div  class='hr av-3kemi7-7e29e1d2a71f580b20127c2e04e72ef4 hr-short  avia-builder-el-2  el_after_av_textblock  el_before_av_textblock  hr-center'><span class='hr-inner '><span class=\"hr-inner-style\"><\/span><\/span><\/div>\n<section  class='av_textblock_section av-1xiurz-9cd2edf8a30f387fa12998d51127e1bc'  itemscope=\"itemscope\" itemtype=\"https:\/\/schema.org\/CreativeWork\" ><div class='avia_textblock'  itemprop=\"text\" ><p><strong>F\u00fcr von uns erbrachte Leistungen gelten die nachfolgenden Gesch\u00e4ftsbedingungen.<br \/>\n<\/strong><strong>Hiervon abweichende Gesch\u00e4ftsbedingungen unserer Kunden finden keine Anwendung.<\/strong><\/p>\n<p><strong>1. Anmeldungen zu Veranstaltungen<\/strong><\/p>\n<p>Anmeldungen zu Kongressen und Seminaren sind schriftlich, per Fax oder online \u00fcber unsere Homepage an uns zu senden. Sie erhalten nach Eingang Ihrer Anmeldung eine Anmeldebest\u00e4tigung und Ihre Rechnung. Damit ist Ihre Anmeldung verbindlich. Der Rechnungsbetrag ist nach Erhalt der Rechnung f\u00e4llig. Alle Preise verstehen sich zuz\u00fcglich der gesetzlichen Mehrwertsteuer \u2013 bei Kongressen pro Kongresstag, bei Seminaren pro Seminar. Zahlungen erfolgen bitte erst nach Erhalt der Rechnung unter Angabe der Rechnungsnummer. Sie erhalten rechtzeitig vor den Veranstaltungen\u00a0konkrete Informationen zu Anfangszeiten, Veranstaltungsort usw. Einlass zur Veranstaltung kann nur gew\u00e4hrt werden, wenn die Rechnung rechtzeitig vor Veranstaltungsbeginn beglichen worden ist.<\/p>\n<p><strong>2. Umfang unserer Leistungen im Rahmen von Veranstaltungen<\/strong><\/p>\n<p>Sofern im Angebot nicht anders geregelt, sind im Teilnehmerentgelt enthalten: die Durchf\u00fchrung und Ihre Teilnahme an der Veranstaltung selbst, die Veranstaltungsunterlagen sowie Verpflegung w\u00e4hrend der Veranstaltung, nicht aber Ihre Reise-, \u00dcbernachtungs- und Aufenthaltskosten.<\/p>\n<p><strong>3. Teilnehmerzahl und Durchf\u00fchrung der Veranstaltung<\/strong><\/p>\n<p>Bei Absage von Referenten behalten wir uns vor, gleichwertige Ersatzreferenten zu stellen. Gelingt uns das nicht oder wird die Mindestteilnehmerzahl nicht erreicht oder liegt ein anderer wichtiger Grund vor, sind wir berechtigt, unsere Veranstaltungen zu verschieben oder abzusagen. Die Teilnehmer werden von uns umgehend schriftlich oder per E-Mail informiert. Bereits gezahlte Teilnahmebeitr\u00e4ge werden erstattet. Ein weiterer Schadensersatzanspruch besteht nicht.<\/p>\n<p><strong>4. Stornierung der Teilnahme an Veranstaltungen und Stellung eines Ersatzteilnehmers<\/strong><\/p>\n<p>Jede Stornierung muss schriftlich an uns gerichtet erfolgen: Gesellschaft f\u00fcr Kongressmanagement mbH, Am Osterberg 18, 21379 Rullstorf; kontakt@gfkm.org. Eine kostenlose Stornierung ist bis 30 Tage vor Veranstaltungsbeginn m\u00f6glich. Bei Stornierung bis 14 Tage vor Veranstaltungsbeginn wird der halbe, danach der gesamte Tagungsbeitrag erhoben \u2013 ebenso bei Nichterscheinen ohne Stornierung oder Abbruch der Teilnahme. Ein Ersatzteilnehmer kann jederzeit gestellt werden. Hinsichtlich der Einhaltung der Fristen ist der Eingang der Mitteilung bei uns ma\u00dfgeblich.<\/p>\n<p><strong>5. Vorbehalt<\/strong><\/p>\n<p>Absage, Unterbrechung, Verlegung, Schlie\u00dfung der Veranstaltung<\/p>\n<ol>\n<li>Wir sind berechtigt, die Veranstaltung in begr\u00fcndeten Ausnahmesituationen zeitlich und\/oder \u00f6rtlich zu verlegen, zu verk\u00fcrzen, abzubrechen, vor\u00fcbergehend zu unterbrechen, teilweise zu schlie\u00dfen oder abzusagen. Eine begr\u00fcndete Ausnahmesituation, welche eine derartige Ma\u00dfnahme rechtfertigt, liegt vor, wenn zureichende tats\u00e4chliche Anhaltspunkte daf\u00fcr vorliegen, dass die geplante Durchf\u00fchrung oder Fortsetzung der Veranstaltung zu einer konkreten Gef\u00e4hrdung von Leib oder Leben oder von Sachen mit erheblichem Wert f\u00fchren kann. Ebenso liegt eine begr\u00fcndete Ausnahmesituation vor, wenn aufgrund der aktuell weiterhin andauernden Corona-Pandemie aufgrund von f\u00fcr den Veranstaltungsort (Hotel, Eventlocation, Kongresszentrum etc.), in dem unsere Veranstaltung stattfinden soll, oder f\u00fcr uns zu beachtende Vorgaben zur Eind\u00e4mmung\/Bek\u00e4mpfung der Pandemie (z.B. Infektionsschutzgesetz, Allgemeinverf\u00fcgung der f\u00fcr den Gesundheitsschutz \u00f6rtlich zust\u00e4ndigen Beh\u00f6rde) Veranstaltungen mit der geplanten\/angemeldeten Teilnehmerzahl nicht oder nur unter erheblichen Auflagen durchgef\u00fchrt werden k\u00f6nnen.<\/li>\n<li>Uns stehen die Rechte nach Abs. 1 ebenfalls zu, wenn aufgrund von h\u00f6herer Gewalt (z. B. beh\u00f6rdliche Anordnung oder dringende beh\u00f6rdliche Empfehlung, Arbeitskampf, Terror- oder sonstige Gefahr f\u00fcr Leib oder Leben, Naturereignisse, Pandemien, Epidemien) die st\u00f6rungsfreie Durchf\u00fchrung der Veranstaltung in einem Ma\u00dfe beeintr\u00e4chtigt oder gef\u00e4hrdet ist, dass der mit der geplanten Durchf\u00fchrung angestrebte Veranstaltungszweck f\u00fcr Teilnehmer oder f\u00fcr uns nicht oder nur mit erheblichen Einschr\u00e4nkungen erreicht werden kann.<\/li>\n<li>Wir treffen die Entscheidungen nach Abs. 1 und Abs. 2 als Veranstalterin nach eigenem pflichtgem\u00e4\u00dfem Ermessen. Bei der Entscheidung sind die Interessen aller betroffenen Teilnehmer (insbesondere Konferenzteilnehmer, Redner, Sponsoren etc.) sowohl hinsichtlich des Veranstaltungszwecks, als auch hinsichtlich der gebotenen Sicherheits\u00fcberlegungen zu ber\u00fccksichtigen. \u00dcber \u00c4nderungen zu Zeit und Ort der Veranstaltung werden die Teilnehmer so fr\u00fch wie m\u00f6glich informiert.<\/li>\n<\/ol>\n<p>Rechtsfolgen bei \u00c4nderung, Absage, Unterbrechung, Verlegung, Schlie\u00dfung der Veranstaltung<\/p>\n<ol start=\"4\">\n<li>Bei der vollst\u00e4ndigen Absage vor Beginn der Veranstaltung bleibt der Teilnehmer zur Zahlung eines Kostenbeitrags zur Deckung der von uns f\u00fcr die Veranstaltung aufgewendeten Vorlaufkosten in H\u00f6he von 25% des vereinbarten Entgeltes verpflichtet. Beginnend mit dem Zeitpunkt der Absage werden wir von unserer vertraglichen Leistungspflicht frei.<\/li>\n<li>Bei einer Verlegung (\u00f6rtlich oder zeitlich) oder Verk\u00fcrzung der Veranstaltung Zeit vor Beginn der Veranstaltung gilt der Vertrag als f\u00fcr den neuen Veranstaltungsort oder Veranstaltungszeitraum geschlossen.<\/li>\n<li>Bei einem vorzeitigen Abbruch (Absage, Verk\u00fcrzung), einer vor\u00fcbergehenden Unterbrechung oder einer teilweisen Schlie\u00dfung nach Beginn der Veranstaltung oder bei versp\u00e4tetem Beginn bleibt das Recht des Teilnehmers zur Teilnahme an dem nicht abgesagten Teil der Veranstaltung und zur Zahlung des vollst\u00e4ndigen vereinbarten Entgeltes bestehen. Dem Teilnehmer sind anteilig die Kosten zu erstatten, die infolge des Abbruchs oder der teilweisen Schlie\u00dfung nicht entstehen (ersparte Aufwendungen).<\/li>\n<\/ol>\n<p><strong>6. Urheber- und Nutzungsrechte<\/strong><\/p>\n<p>S\u00e4mtliche Ihnen im Zusammenhand mit der Veranstaltung zur Kenntnis gelangten Informationen und Unterlagen sind urheberrechtlich gesch\u00fctzt und d\u00fcrfen ohne unsere schriftliche Genehmigung ausschlie\u00dflich f\u00fcr den mit der Veranstaltung bestimmten Zweck genutzt werden. Die Weitergabe der Unterlagen an Dritte ist nicht gestattet. Die Gesellschaft f\u00fcr Kongressmanagement \u00fcbernimmt keine Gew\u00e4hr f\u00fcr die Aktualit\u00e4t, Korrektheit, Vollst\u00e4ndigkeit oder Qualit\u00e4t der von den Referenten bereitgestellten Informationen und Unterlagen. F\u00fcr etwaige Sch\u00e4den, die durch Nutzung derartiger Informationen entstehen, haftet allein der Referent.<\/p>\n<p><strong>6. Haftung<\/strong><\/p>\n<p>Schadensersatzanspr\u00fcche jeglicher Art gegen uns und unsere gesetzlichen Vertreter und Erf\u00fcllungsgehilfen sind ausgeschlossen, es sei denn, es liegt Vorsatz oder grobe Fahrl\u00e4ssigkeit oder die Verletzung einer wesentlichen Vertragspflicht vor. Unter einer wesentlichen Vertragspflicht in diesem Sinne ist jede Pflicht gemeint, deren Erf\u00fcllung die ordnungsgem\u00e4\u00dfe Durchf\u00fchrung des Vertrages \u00fcberhaupt erst erm\u00f6glicht und auf deren Einhaltung der Teilnehmer regelm\u00e4\u00dfig vertrauen darf. Eine Haftung f\u00fcr Folgesch\u00e4den aufgrund der Verschiebung und Absage von Veranstaltungen ist ausgeschlossen. Alle vorstehenden Haftungsbeschr\u00e4nkungen und \u2013ausschl\u00fcsse gelten nicht f\u00fcr eine Haftung bei der Verletzung von Leben, K\u00f6rper oder Gesundheit.<\/p>\n<p><strong>8. Datenschutz<\/strong><\/p>\n<p>Die bei der Anmeldung eingegebenen pers\u00f6nlichen oder gesch\u00e4ftlichen Daten werden von uns zur Rechnungsstellung, Abwicklung der Veranstaltungsanmeldung sowie zur weiteren Betreuung des Kunden verwendet. Dar\u00fcber hinaus werden sie f\u00fcr den Versand von Informationsmaterialien \u00fcber weitere f\u00fcr den Teilnehmer eventuell interessante Veranstaltungen gespeichert. Sie k\u00f6nnen der Verwendung Ihrer Daten zum letztgenannten Zweck jederzeit widersprechen.<\/p>\n<p><strong>9. Gerichtsstand<\/strong><\/p>\n<p>Der Gerichtsstand ist L\u00fcneburg.<\/p>\n<p><strong>10. Salvatorische Klausel<\/strong><\/p>\n<p>Sollten eine oder mehrere Bestimmungen dieser AGB unwirksam sein oder eine Regelungsl\u00fccke enthalten, so werden die Parteien die wirksame oder unvollst\u00e4ndige Regelung durch angemessene Bestimmungen ersetzen oder erg\u00e4nzen, die dem wirtschaftlichen Zweck der gewollten Regelung am n\u00e4chsten kommen.<\/p>\n<p>Stand 01\/2022<\/p>\n<\/div><\/section>\n","protected":false},"excerpt":{"rendered":"","protected":false},"author":1,"featured_media":0,"parent":0,"menu_order":0,"comment_status":"closed","ping_status":"closed","template":"","meta":[],"_links":{"self":[{"href":"http:\/\/norddeutscher-vertriebskongress.de\/wp-ndvk\/wp-json\/wp\/v2\/pages\/3199"}],"collection":[{"href":"http:\/\/norddeutscher-vertriebskongress.de\/wp-ndvk\/wp-json\/wp\/v2\/pages"}],"about":[{"href":"http:\/\/norddeutscher-vertriebskongress.de\/wp-ndvk\/wp-json\/wp\/v2\/types\/page"}],"author":[{"embeddable":true,"href":"http:\/\/norddeutscher-vertriebskongress.de\/wp-ndvk\/wp-json\/wp\/v2\/users\/1"}],"replies":[{"embeddable":true,"href":"http:\/\/norddeutscher-vertriebskongress.de\/wp-ndvk\/wp-json\/wp\/v2\/comments?post=3199"}],"version-history":[{"count":1,"href":"http:\/\/norddeutscher-vertriebskongress.de\/wp-ndvk\/wp-json\/wp\/v2\/pages\/3199\/revisions"}],"predecessor-version":[{"id":4156,"href":"http:\/\/norddeutscher-vertriebskongress.de\/wp-ndvk\/wp-json\/wp\/v2\/pages\/3199\/revisions\/4156"}],"wp:attachment":[{"href":"http:\/\/norddeutscher-vertriebskongress.de\/wp-ndvk\/wp-json\/wp\/v2\/media?parent=3199"}],"curies":[{"name":"wp","href":"https:\/\/api.w.org\/{rel}","templated":true}]}}